{"id":9,"date":"2022-03-29T09:11:31","date_gmt":"2022-03-29T09:11:31","guid":{"rendered":"https:\/\/startersites.io\/blocksy\/cleaning-service\/?page_id=9"},"modified":"2026-03-03T14:50:49","modified_gmt":"2026-03-03T14:50:49","slug":"services","status":"publish","type":"page","link":"https:\/\/www.istanbulatasehirevdeneve.com.tr\/index.php\/services\/","title":{"rendered":"HAKKIMIZDA"},"content":{"rendered":"\n<div class=\"wp-block-stackable-columns alignfull stk-block-columns stk-block stk-460b17c stk-block-background stk--has-background-overlay\" data-block-id=\"460b17c\"><style>.stk-460b17c {background-color:#000000 !important;background-image:url(https:\/\/www.istanbulatasehirevdeneve.com.tr\/wp-content\/uploads\/2026\/03\/WhatsApp-Image-2026-02-18-at-18.07.58.jpeg) !important;padding-top:300px !important;padding-bottom:150px !important;margin-bottom:0px !important;}.stk-460b17c:before{background-color:#000000 !important;opacity:0.7 !important;}@media screen and (max-width:999px){.stk-460b17c {padding-top:250px !important;padding-bottom:100px !important;}}<\/style><div class=\"stk-row stk-inner-blocks stk-block-content stk-content-align stk-460b17c-column\">\n<div class=\"wp-block-stackable-column stk-block-column stk-column stk-block stk-d35fecf\" data-v=\"4\" data-block-id=\"d35fecf\"><style>.stk-d35fecf-container{margin-top:0px !important;margin-right:0px !important;margin-bottom:0px !important;margin-left:0px !important;}.stk-d35fecf {max-width:900px !important;min-width:auto !important;margin-right:auto !important;margin-left:auto !important;}<\/style><div class=\"stk-column-wrapper stk-block-column__content stk-container stk-d35fecf-container stk--no-background stk--no-padding\"><div class=\"stk-block-content stk-inner-blocks stk-d35fecf-inner-blocks\">\n<div class=\"wp-block-stackable-heading stk-block-heading stk-block-heading--v2 stk-block stk-8b0ceb4\" id=\"sutsoy-nakliyat-evden-eve-istanbul-atasehir-guvenli-amp-sigortali-tasimacilik\" data-block-id=\"8b0ceb4\"><style>.stk-8b0ceb4 .stk-block-heading__text{font-size:70px !important;color:var(--theme-palette-color-8, #ffffff) !important;}@media screen and (max-width:999px){.stk-8b0ceb4 .stk-block-heading__text{font-size:40px !important;}}@media screen and (max-width:689px){.stk-8b0ceb4 .stk-block-heading__text{font-size:35px !important;}}<\/style><h2 class=\"stk-block-heading__text has-text-color has-palette-color-8-color has-text-align-center\">S\u00fctsoy Nakliyat Evden Eve \u0130stanbul Ata\u015fehir \u2013 G\u00fcvenli &amp; Sigortal\u0131 Ta\u015f\u0131mac\u0131l\u0131k<\/h2><\/div>\n<\/div><\/div><\/div>\n<\/div><\/div>\n\n\n\n<div class=\"wp-block-stackable-columns stk-block-columns stk-block stk-5f4b0da\" id=\"house-cleaning\" data-block-id=\"5f4b0da\"><style>.stk-5f4b0da {margin-bottom:30px !important;}<\/style><div class=\"stk-row stk-inner-blocks stk-block-content stk-content-align stk-5f4b0da-column\">\n<div class=\"wp-block-stackable-column stk-block-column stk-column stk-block stk-175b4b8\" data-v=\"4\" data-block-id=\"175b4b8\"><style>.stk-175b4b8-container{margin-top:0px !important;margin-right:0px !important;margin-bottom:0px !important;margin-left:0px !important;box-shadow:none !important;border-style:solid !important;border-color:var(--theme-palette-color-5, #edeff2) !important;padding-top:70px !important;padding-right:70px !important;padding-bottom:70px !important;padding-left:70px !important;}.stk-175b4b8-container:hover{background-color:var(--theme-palette-color-1, #ffcd05) !important;box-shadow:0px 20px 80px 0px #ffcd0566 !important;border-color:var(--theme-palette-color-1, #ffcd05) !important;}.stk-175b4b8-container:hover:before{background-color:var(--theme-palette-color-1, #ffcd05) !important;}.stk-175b4b8:hover{top:-10px !important;}.stk-175b4b8 {top:0 !important;}@media screen and (max-width:999px){.stk-175b4b8-container{padding-top:50px !important;padding-right:30px !important;padding-bottom:50px !important;padding-left:30px !important;}}<\/style><div class=\"stk-column-wrapper stk-block-column__content stk-container stk-175b4b8-container stk-hover-parent\"><div class=\"stk-block-content stk-inner-blocks stk-175b4b8-inner-blocks\">\n<div class=\"wp-block-stackable-heading stk-block-heading stk-block-heading--v2 stk-block stk-4b7d010\" id=\"strong-sutsoy-nakliyat-evden-eve-tasimacilik-strong-istanbul-atasehirde-yillarin-verdigi-tecrube-guclu-operasyon-altyapisi-ve-profesyonel-hizmet-anlayisiyla-guvenilir-nakliyat-cozumleri-sunan-kurumsal-bir-tasimacilik-firmasidir-atasehir-merkezli-hizmet-agimiz-ile-sehir-ici-evden-eve-nakliyat-sehirlerarasi-nakliyat-ofis-ve-is-yeri-tasimaciligi-esya-depolama-ve-asansorlu-nakliyat-alanlarinda-uzman-kadromuzla-hizmet-vermekteyiz\" data-block-id=\"4b7d010\"><style>.stk-4b7d010 {margin-bottom:20px !important;}<\/style><h5 class=\"stk-block-heading__text has-text-align-left\"><strong>S\u00fctsoy Nakliyat Evden Eve Ta\u015f\u0131mac\u0131l\u0131k<\/strong>, \u0130stanbul Ata\u015fehir\u2019de y\u0131llar\u0131n verdi\u011fi tecr\u00fcbe, g\u00fc\u00e7l\u00fc operasyon altyap\u0131s\u0131 ve profesyonel hizmet anlay\u0131\u015f\u0131yla g\u00fcvenilir nakliyat \u00e7\u00f6z\u00fcmleri sunan kurumsal bir ta\u015f\u0131mac\u0131l\u0131k firmas\u0131d\u0131r. Ata\u015fehir merkezli hizmet a\u011f\u0131m\u0131z ile \u015fehir i\u00e7i evden eve nakliyat, \u015fehirleraras\u0131 nakliyat, ofis ve i\u015f yeri ta\u015f\u0131mac\u0131l\u0131\u011f\u0131, e\u015fya depolama ve asans\u00f6rl\u00fc nakliyat alanlar\u0131nda uzman kadromuzla hizmet vermekteyiz.<\/h5><\/div>\n\n\n\n<p>M\u00fc\u015fteri memnuniyetini temel alan \u00e7al\u0131\u015fma prensibimiz do\u011frultusunda <strong>her ta\u015f\u0131ma i\u015flemini planl\u0131, sistemli ve maksimum g\u00fcvenlik \u00f6nlemleriyle <\/strong>ger\u00e7ekle\u015ftiriyoruz. Modern ara\u00e7 filomuz, deneyimli personelimiz ve profesyonel ambalajlama ekipmanlar\u0131m\u0131z sayesinde e\u015fyalar\u0131n\u0131z\u0131 darbe, \u00e7izilme ve k\u0131r\u0131lmalara kar\u015f\u0131 koruma alt\u0131na alarak yeni adresinize g\u00fcvenle ula\u015ft\u0131r\u0131yoruz.<strong> \u0130stanbul Anadolu Yakas\u0131 genelinde<\/strong> h\u0131zl\u0131, g\u00fcvenli ve sigortal\u0131 nakliyat hizmeti sunuyoruz.<\/p>\n\n\n\n<p><strong>\u201cAta\u015fehir evden eve nakliyat hizmetinde g\u00fcven ve kalite\u201d <\/strong>anlay\u0131\u015f\u0131yla hareket eden firmam\u0131zda t\u00fcm ta\u015f\u0131malar sigortal\u0131 nakliyat kapsam\u0131nda ger\u00e7ekle\u015ftirilmektedir. \u00dccretsiz ekspertiz hizmetimiz ile ta\u015f\u0131nma \u00f6ncesinde yerinde ke\u015fif yap\u0131yor, net ve \u015feffaf fiyatland\u0131rma sunuyoruz. Asans\u00f6rl\u00fc nakliyat \u00e7\u00f6z\u00fcmlerimiz sayesinde y\u00fcksek katl\u0131 binalarda g\u00fcvenli ve h\u0131zl\u0131 ta\u015f\u0131ma sa\u011fl\u0131yoruz.<\/p>\n\n\n\n<p><strong>S\u00fctsoy Nakliyat,<\/strong> kaliteli hizmeti uygun fiyat politikas\u0131yla birle\u015ftirerek<strong> \u0130stanbul Ata\u015fehir nakliyat firmalar\u0131<\/strong> aras\u0131nda tercih edilen g\u00fcvenilir markalardan biri olmay\u0131 ba\u015farm\u0131\u015ft\u0131r. Sorunsuz, profesyonel ve zaman\u0131nda teslimat garantili bir ta\u015f\u0131nma s\u00fcreci i\u00e7in bizimle ileti\u015fime ge\u00e7ebilirsiniz.<\/p>\n<\/div><\/div><\/div>\n<\/div><\/div>\n\n\n\n<div class=\"wp-block-stackable-columns stk-block-columns stk-block stk-ef4bfed\" data-block-id=\"ef4bfed\"><style>.stk-ef4bfed {margin-bottom:0px !important;}.stk-ef4bfed-column{--stk-column-gap:30px !important;row-gap:30px !important;}<\/style><div class=\"stk-row stk-inner-blocks stk-block-content stk-content-align stk-ef4bfed-column\">\n<div class=\"wp-block-stackable-column stk-block-column stk-column stk-block stk-4d8c454\" data-v=\"4\" data-block-id=\"4d8c454\"><style>.stk-4d8c454-container{margin-top:0px !important;margin-right:0px !important;margin-bottom:0px !important;margin-left:0px !important;box-shadow:none !important;border-style:solid !important;border-color:var(--theme-palette-color-5, #edeff2) !important;padding-top:70px !important;padding-right:70px !important;padding-bottom:70px !important;padding-left:70px !important;}.stk-4d8c454-container:hover{background-color:var(--theme-palette-color-1, #ffcd05) !important;box-shadow:0px 20px 80px 0px #ffcd0566 !important;border-color:var(--theme-palette-color-1, #ffcd05) !important;}.stk-4d8c454-container:hover:before{background-color:var(--theme-palette-color-1, #ffcd05) !important;}.stk-4d8c454:hover{top:-10px !important;}.stk-4d8c454 {top:0 !important;}@media screen and (max-width:999px){.stk-4d8c454-container{padding-top:50px !important;padding-right:30px !important;padding-bottom:50px !important;padding-left:30px !important;}}<\/style><div class=\"stk-column-wrapper stk-block-column__content stk-container stk-4d8c454-container stk-hover-parent\"><div class=\"stk-block-content stk-inner-blocks stk-4d8c454-inner-blocks\">\n<div class=\"wp-block-stackable-heading stk-block-heading stk-block-heading--v2 stk-block stk-d9e1fd1\" id=\"misyonumuz\" data-block-id=\"d9e1fd1\"><style>.stk-d9e1fd1 {margin-bottom:20px !important;}<\/style><h5 class=\"stk-block-heading__text has-text-align-center\">M\u0130SYONUMUZ<\/h5><\/div>\n\n\n\n<div class=\"wp-block-stackable-text stk-block-text stk-block stk-a4ef0a5\" data-block-id=\"a4ef0a5\"><style>.stk-a4ef0a5 {margin-bottom:45px !important;}<\/style><p class=\"stk-block-text__text has-text-align-center\">S\u00fctsoy Nakliyat olarak misyonumuz; m\u00fc\u015fterilerimize g\u00fcvenilir, h\u0131zl\u0131 ve sorunsuz ta\u015f\u0131mac\u0131l\u0131k hizmeti sunmak, ta\u015f\u0131nma s\u00fcrecini en kolay hale getirerek stresli bir s\u00fcreci konforlu bir deneyime d\u00f6n\u00fc\u015ft\u00fcrmektir. M\u00fc\u015fteri odakl\u0131 hizmet anlay\u0131\u015f\u0131m\u0131zla, her i\u015fte kaliteyi ve g\u00fcveni \u00f6n planda tutar\u0131z.<\/p><\/div>\n<\/div><\/div><\/div>\n\n\n\n<div class=\"wp-block-stackable-column stk-block-column stk-column stk-block stk-81ff1ea\" data-v=\"4\" data-block-id=\"81ff1ea\"><style>.stk-81ff1ea-container{margin-top:0px !important;margin-right:0px !important;margin-bottom:0px !important;margin-left:0px !important;box-shadow:none !important;border-style:solid !important;border-color:var(--theme-palette-color-5, #edeff2) !important;padding-top:70px !important;padding-right:70px !important;padding-bottom:70px !important;padding-left:70px !important;}.stk-81ff1ea-container:hover{background-color:var(--theme-palette-color-1, #ffcd05) !important;box-shadow:0px 20px 80px 0px #ffcd0566 !important;border-color:var(--theme-palette-color-1, #ffcd05) !important;}.stk-81ff1ea-container:hover:before{background-color:var(--theme-palette-color-1, #ffcd05) !important;}.stk-81ff1ea:hover{top:-10px !important;}.stk-81ff1ea {top:0 !important;}@media screen and (max-width:999px){.stk-81ff1ea-container{padding-top:50px !important;padding-right:30px !important;padding-bottom:50px !important;padding-left:30px !important;}}<\/style><div class=\"stk-column-wrapper stk-block-column__content stk-container stk-81ff1ea-container stk-hover-parent\"><div class=\"stk-block-content stk-inner-blocks stk-81ff1ea-inner-blocks\">\n<div class=\"wp-block-stackable-heading stk-block-heading stk-block-heading--v2 stk-block stk-5cc0e69\" id=\"vizyonumuz\" data-block-id=\"5cc0e69\"><style>.stk-5cc0e69 {margin-bottom:20px !important;}<\/style><h5 class=\"stk-block-heading__text has-text-align-center\">V\u0130ZYONUMUZ<\/h5><\/div>\n\n\n\n<div class=\"wp-block-stackable-text stk-block-text stk-block stk-ea30980\" data-block-id=\"ea30980\"><style>.stk-ea30980 {margin-bottom:45px !important;}<\/style><p class=\"stk-block-text__text has-text-align-center\">Sekt\u00f6r\u00fcm\u00fczde yenilik\u00e7i \u00e7\u00f6z\u00fcmler \u00fcreten, g\u00fcven veren ve m\u00fc\u015fteri memnuniyetiyle \u00f6rnek g\u00f6sterilen \u00f6nc\u00fc bir marka olmak. T\u00fcrkiye genelinde yayg\u0131n ve kaliteli hizmet a\u011f\u0131 ile her evin, her ofisin ta\u015f\u0131nma ihtiyac\u0131nda ilk tercih edilen firma olmay\u0131 hedefliyoruz.<\/p><\/div>\n<\/div><\/div><\/div>\n<\/div><\/div>\n\n\n\n<p><\/p>\n","protected":false},"excerpt":{"rendered":"<p>S\u00fctsoy Nakliyat Evden Eve \u0130stanbul Ata\u015fehir \u2013 G\u00fcvenli &amp; Sigortal\u0131 Ta\u015f\u0131mac\u0131l\u0131k S\u00fctsoy Nakliyat Evden Eve Ta\u015f\u0131mac\u0131l\u0131k, \u0130stanbul Ata\u015fehir\u2019de y\u0131llar\u0131n verdi\u011fi tecr\u00fcbe, g\u00fc\u00e7l\u00fc operasyon altyap\u0131s\u0131 ve profesyonel hizmet anlay\u0131\u015f\u0131yla g\u00fcvenilir nakliyat \u00e7\u00f6z\u00fcmleri sunan kurumsal bir ta\u015f\u0131mac\u0131l\u0131k firmas\u0131d\u0131r. Ata\u015fehir merkezli hizmet a\u011f\u0131m\u0131z ile \u015fehir i\u00e7i evden eve nakliyat, \u015fehirleraras\u0131 nakliyat, ofis ve i\u015f yeri ta\u015f\u0131mac\u0131l\u0131\u011f\u0131, e\u015fya depolama [&hellip;]<\/p>\n","protected":false},"author":1,"featured_media":0,"parent":0,"menu_order":0,"comment_status":"closed","ping_status":"closed","template":"","meta":{"footnotes":""},"class_list":["post-9","page","type-page","status-publish","hentry"],"blocksy_meta":{"styles_descriptor":{"styles":{"desktop":"","tablet":"","mobile":""},"google_fonts":[],"version":6},"page_title_panel":"","has_hero_section":"disabled","0fa4e1218e27d8aed3052443ada80200":"","hero_section":"type-1","hero_elements":[{"id":"custom_title","enabled":true,"heading_tag":"h1","title":"Home"},{"id":"custom_description","enabled":true,"description_visibility":{"desktop":true,"tablet":true,"mobile":false}},{"id":"custom_meta","enabled":false,"meta_elements":[{"id":"author","enabled":true,"label":"By","has_author_avatar":"yes","avatar_size":25},{"id":"post_date","enabled":true,"label":"On","date_format_source":"default","date_format":"M j, Y"},{"id":"updated_date","enabled":false,"label":"On","date_format_source":"default","date_format":"M j, Y"},{"id":"categories","enabled":false,"label":"In","style":"simple"},{"id":"comments","enabled":true}],"page_meta_elements":{"joined":true,"articles_count":true,"comments":true}},{"id":"breadcrumbs","enabled":false}],"51521a7c38c1c996c14247898d9d7fe3":"","hero_alignment1":"CT_CSS_SKIP_RULE","hero_margin":40,"hero_alignment2":"center","hero_vertical_alignment":"center","2bc015fafc2dc870d98702bdd932f751":"","hero_structure":"narrow","e25e8d2af42f9ebf88781ccc5b61ace6":"","page_title_bg_type":"featured_image","custom_hero_background":{"attachment_id":null},"page_title_image_size":"full","parallax":{"desktop":false,"tablet":false,"mobile":false},"fea6f59d367d128f8611865e0768a444":"","hero_height":"250px","pageTitleFont":{"family":"Default","variation":"Default","size":"30px","line-height":"CT_CSS_SKIP_RULE","letter-spacing":"CT_CSS_SKIP_RULE","text-transform":"CT_CSS_SKIP_RULE","text-decoration":"CT_CSS_SKIP_RULE"},"pageTitleFontColor":{"default":{"color":"CT_CSS_SKIP_RULEDEFAULT"}},"pageMetaFont":{"family":"Default","variation":"n6","size":"12px","line-height":"1.3","letter-spacing":"CT_CSS_SKIP_RULE","text-transform":"uppercase","text-decoration":"CT_CSS_SKIP_RULE"},"pageMetaFontColor":{"default":{"color":"CT_CSS_SKIP_RULEDEFAULT"},"hover":{"color":"CT_CSS_SKIP_RULEDEFAULT"}},"page_meta_button_type_font_colors":{"default":{"color":"CT_CSS_SKIP_RULEDEFAULT"},"hover":{"color":"CT_CSS_SKIP_RULEDEFAULT"}},"page_meta_button_type_background_colors":{"default":{"color":"CT_CSS_SKIP_RULEDEFAULT"},"hover":{"color":"CT_CSS_SKIP_RULEDEFAULT"}},"pageExcerptFont":{"family":"Default","variation":"Default","size":"CT_CSS_SKIP_RULE","line-height":"CT_CSS_SKIP_RULE","letter-spacing":"CT_CSS_SKIP_RULE","text-transform":"CT_CSS_SKIP_RULE","text-decoration":"CT_CSS_SKIP_RULE"},"pageExcerptColor":{"default":{"color":"CT_CSS_SKIP_RULEDEFAULT"}},"breadcrumbsFont":{"family":"Default","variation":"Default","size":"CT_CSS_SKIP_RULE","line-height":"CT_CSS_SKIP_RULE","letter-spacing":"CT_CSS_SKIP_RULE","text-transform":"CT_CSS_SKIP_RULE","text-decoration":"CT_CSS_SKIP_RULE"},"breadcrumbsFontColor":{"default":{"color":"CT_CSS_SKIP_RULEDEFAULT"},"initial":{"color":"CT_CSS_SKIP_RULEDEFAULT"},"hover":{"color":"CT_CSS_SKIP_RULEDEFAULT"}},"pageTitleOverlay":{"background_type":"color","background_pattern":"type-1","background_image":{"attachment_id":null,"x":0,"y":0},"gradient":"linear-gradient(135deg,rgba(6,147,227,1) 0%,rgb(155,81,224) 100%)","background_repeat":"repeat","background_size":"auto","background_attachment":"scroll","patternColor":{"default":{"color":"#e5e7ea"}},"overlayColor":{"default":{"color":"CT_CSS_SKIP_RULE"}},"backgroundColor":{"default":{"color":"CT_CSS_SKIP_RULE"}}},"pageTitleBackground":{"background_type":"color","background_pattern":"type-1","background_image":{"attachment_id":null,"x":0,"y":0},"gradient":"linear-gradient(135deg,rgba(6,147,227,1) 0%,rgb(155,81,224) 100%)","background_repeat":"repeat","background_size":"auto","background_attachment":"scroll","patternColor":{"default":{"color":"#e5e7ea"}},"overlayColor":{"default":{"color":"CT_CSS_SKIP_RULE"}},"backgroundColor":{"default":{"color":"var(--theme-palette-color-6)"}}},"pageTitlePadding":{"top":"50px","bottom":"50px","left":"auto","right":"auto","linked":true},"73f4114907b24beb8ed5f708747f2d9f":"","page_structure_type":"default","b626774914cf01377c8f1592e57d3895":"","content_style_source":"inherit","content_style":"wide","vertical_spacing_source":"custom","content_area_spacing":"none","background":{"background_type":"color","background_pattern":"type-1","background_image":{"attachment_id":null,"x":0,"y":0},"gradient":"linear-gradient(135deg,rgba(6,147,227,1) 0%,rgb(155,81,224) 100%)","background_repeat":"repeat","background_size":"auto","background_attachment":"scroll","patternColor":{"default":{"color":"#e5e7ea"}},"overlayColor":{"default":{"color":"CT_CSS_SKIP_RULE"}},"backgroundColor":{"default":{"color":"CT_CSS_SKIP_RULE"}}},"content_background":{"background_type":"color","background_pattern":"type-1","background_image":{"attachment_id":null,"x":0,"y":0},"gradient":"linear-gradient(135deg,rgba(6,147,227,1) 0%,rgb(155,81,224) 100%)","background_repeat":"repeat","background_size":"auto","background_attachment":"scroll","patternColor":{"default":{"color":"#e5e7ea"}},"overlayColor":{"default":{"color":"CT_CSS_SKIP_RULE"}},"backgroundColor":{"default":{"color":"var(--theme-palette-color-8)"}}},"content_boxed_shadow":{"inherit":false,"blur":18,"spread":-6,"v_offset":12,"h_offset":0,"inset":false,"enable":true,"color":{"color":"rgba(34, 56, 101, 0.04)"}},"boxed_content_spacing":{"desktop":{"top":"40px","bottom":"40px","left":"40px","right":"40px","linked":true},"tablet":{"top":"35px","bottom":"35px","left":"35px","right":"35px","linked":true},"mobile":{"top":"20px","bottom":"20px","left":"20px","right":"20px","linked":true}},"content_boxed_radius":{"top":"3px","bottom":"3px","left":"3px","right":"3px","linked":true},"8f26b7b44db953546fa2eb5d5286d9e0":"","disable_featured_image":"no","disable_share_box":"no","disable_header":"no","disable_footer":"no"},"_links":{"self":[{"href":"https:\/\/www.istanbulatasehirevdeneve.com.tr\/index.php\/wp-json\/wp\/v2\/pages\/9","targetHints":{"allow":["GET"]}}],"collection":[{"href":"https:\/\/www.istanbulatasehirevdeneve.com.tr\/index.php\/wp-json\/wp\/v2\/pages"}],"about":[{"href":"https:\/\/www.istanbulatasehirevdeneve.com.tr\/index.php\/wp-json\/wp\/v2\/types\/page"}],"author":[{"embeddable":true,"href":"https:\/\/www.istanbulatasehirevdeneve.com.tr\/index.php\/wp-json\/wp\/v2\/users\/1"}],"replies":[{"embeddable":true,"href":"https:\/\/www.istanbulatasehirevdeneve.com.tr\/index.php\/wp-json\/wp\/v2\/comments?post=9"}],"version-history":[{"count":28,"href":"https:\/\/www.istanbulatasehirevdeneve.com.tr\/index.php\/wp-json\/wp\/v2\/pages\/9\/revisions"}],"predecessor-version":[{"id":833,"href":"https:\/\/www.istanbulatasehirevdeneve.com.tr\/index.php\/wp-json\/wp\/v2\/pages\/9\/revisions\/833"}],"wp:attachment":[{"href":"https:\/\/www.istanbulatasehirevdeneve.com.tr\/index.php\/wp-json\/wp\/v2\/media?parent=9"}],"curies":[{"name":"wp","href":"https:\/\/api.w.org\/{rel}","templated":true}]}}